{"id":6272,"date":"2019-02-27T00:31:09","date_gmt":"2019-02-26T23:31:09","guid":{"rendered":"https:\/\/mandinga.es\/agencia-de-publicidad"},"modified":"2019-06-14T21:32:00","modified_gmt":"2019-06-14T19:32:00","slug":"advertising-agency","status":"publish","type":"page","link":"https:\/\/athikagroup.com\/en\/advertising-agency\/","title":{"rendered":"Agency"},"content":{"rendered":"<div class=\"grid kcm\">\n<div class=\"grid__item two-twelfths portable--auto lap--ten-twelfths palm--auto top-no-padding bottom-large-padding link-style \" data-style=\"undefined\">\n<p class=\"p1\"><span class=\"s1\" style=\"color: #414141;\">If you have a project in mind, <\/span><a href=\"https:\/\/athikagroup.com\/contacto?lang=en\">get in touch<\/a> <span class=\"s1\" style=\"color: #414141;\">with us. We will be happy to help you make it happen.<\/span><\/p>\n<\/div>\n<div class=\"grid__item one-twelfth portable--auto lap--hide palm--hide top-no-padding bottom-no-padding \" data-style=\"undefined\"><\/div>\n<div class=\"grid__item eight-twelfths portable--auto lap--one-whole palm--auto top-no-padding bottom-medium-padding \" data-style=\"undefined\">\n<h2>We are an independent design and advertising company convinced that creativity is the best way to strengthen the connection that exists between brands and consumers. We create unique brand experiences for small and large advertisers through creativity, design and a strong strategic focus.<\/h2>\n<h2>We have been in the persuasion business for more than 20 years, creating brands from scratch and helping to boost and strengthen existing ones. We are based in Argentina and Spain, but we work throughout the world.<\/h2>\n<\/div>\n<div class=\"grid__item one-whole portable--auto null palm--auto top-small-padding bottom-no-padding \" data-style=\"undefined\">\n<h3 id=\"nosotros\"><span class=\"underlined-heading\"><strong>About us<\/strong><\/span><\/h3>\n<\/div>\n<div class=\"grid__item four-twelfths portable--auto lap--six-twelfths palm--auto top-no-padding bottom-medium-padding \" data-style=\"undefined\">\n<p><a href=\"https:\/\/athikagroup.com\/en\/agencia-de-publicidad\/luciana-berti\"><img loading=\"lazy\" decoding=\"async\" class=\"text-link alignnone wp-image-5744 size-full\" title=\"Bio\" src=\"http:\/\/mandinga.es\/wp-content\/uploads\/2019\/04\/Luciana_Berti_Agencia_Athika_Mandinga_450x450px_01.jpg\" alt=\"\" width=\"450\" height=\"450\" srcset=\"https:\/\/athikagroup.com\/wp-content\/uploads\/2019\/04\/Luciana_Berti_Agencia_Athika_Mandinga_450x450px_01.jpg 450w, https:\/\/athikagroup.com\/wp-content\/uploads\/2019\/04\/Luciana_Berti_Agencia_Athika_Mandinga_450x450px_01-150x150.jpg 150w, https:\/\/athikagroup.com\/wp-content\/uploads\/2019\/04\/Luciana_Berti_Agencia_Athika_Mandinga_450x450px_01-300x300.jpg 300w\" sizes=\"(max-width: 450px) 100vw, 450px\" \/><\/a><\/p>\n<h3><span class=\"underlined-heading\">Luciana Berti<\/span><\/h3>\n<p><span class=\"s1\">Design Director + Founder<br \/>\n<\/span><a href=\"http:\/\/linkedin.com\/in\/luciana-berti-4641639\" target=\"_blank\" rel=\"noopener noreferrer\"><span style=\"color: #ffffff;\">Lnkd<\/span><\/a><span style=\"color: #ffffff;\">.<\/span> &#8211; <a href=\"mailto:luciana@athikagroup.com\">Mail<\/a>.<\/p>\n<p>&nbsp;<\/p>\n<\/div>\n<div class=\"grid__item four-twelfths portable--auto lap--six-twelfths palm--auto top-no-padding bottom-medium-padding \" data-style=\"undefined\">\n<p style=\"text-align: left;\"><a href=\"https:\/\/athikagroup.com\/en\/agencia-de-publicidad\/diego-donato\"><img loading=\"lazy\" decoding=\"async\" class=\"text-link alignnone wp-image-5745 size-full\" title=\"Bio\" src=\"http:\/\/mandinga.es\/wp-content\/uploads\/2019\/04\/Diego_Donato_Agencia_Athika_Mandinga_450x450px_02.jpg\" alt=\"\" width=\"450\" height=\"450\" srcset=\"https:\/\/athikagroup.com\/wp-content\/uploads\/2019\/04\/Diego_Donato_Agencia_Athika_Mandinga_450x450px_02.jpg 450w, https:\/\/athikagroup.com\/wp-content\/uploads\/2019\/04\/Diego_Donato_Agencia_Athika_Mandinga_450x450px_02-150x150.jpg 150w, https:\/\/athikagroup.com\/wp-content\/uploads\/2019\/04\/Diego_Donato_Agencia_Athika_Mandinga_450x450px_02-300x300.jpg 300w\" sizes=\"(max-width: 450px) 100vw, 450px\" \/><\/a><\/p>\n<h3><span class=\"underlined-heading\">Diego Donato<\/span><\/h3>\n<p class=\"p1\"><span class=\"s1\">Creative Director + Founder<br \/>\n<\/span><a href=\"https:\/\/twitter.com\/diegosdonato\" target=\"_blank\" rel=\"noopener noreferrer\"><span style=\"color: #ffffff;\">Tw<\/span><\/a><span style=\"color: #ffffff;\">.<\/span> &#8211; <a href=\"https:\/\/www.linkedin.com\/in\/diegodonato\" target=\"_blank\" rel=\"noopener noreferrer\"><span style=\"color: #ffffff;\">Lnkd<\/span><\/a><span style=\"color: #ffffff;\">.<\/span> &#8211; <a href=\"mailto:diego@mandinga.es\">Mail<\/a>.<\/p>\n<p>&nbsp;<\/p>\n<\/div>\n<div class=\"grid__item four-twelfths portable--auto lap--six-twelfths palm--auto top-no-padding bottom-medium-padding \" data-style=\"undefined\">\n<p><a href=\"https:\/\/athikagroup.com\/en\/agencia-de-publicidad\/fernando-patroni\"><img loading=\"lazy\" decoding=\"async\" class=\"text-link alignnone wp-image-5746 size-full\" title=\"Bio\" src=\"http:\/\/mandinga.es\/wp-content\/uploads\/2019\/04\/Fernando_Patroni_Agencia_Athika_Mandinga_450x450px_01.jpg\" alt=\"\" width=\"450\" height=\"450\" srcset=\"https:\/\/athikagroup.com\/wp-content\/uploads\/2019\/04\/Fernando_Patroni_Agencia_Athika_Mandinga_450x450px_01.jpg 450w, https:\/\/athikagroup.com\/wp-content\/uploads\/2019\/04\/Fernando_Patroni_Agencia_Athika_Mandinga_450x450px_01-150x150.jpg 150w, https:\/\/athikagroup.com\/wp-content\/uploads\/2019\/04\/Fernando_Patroni_Agencia_Athika_Mandinga_450x450px_01-300x300.jpg 300w\" sizes=\"(max-width: 450px) 100vw, 450px\" \/><\/a><\/p>\n<h3><span class=\"underlined-heading\">Fernando Patroni<\/span><\/h3>\n<p class=\"p1\"><span class=\"s1\">Industrial Designer + Founder<br \/>\n<\/span><a href=\"#\"><span style=\"color: #ffffff;\">Lnkd<\/span><\/a><span style=\"color: #ffffff;\">.<\/span> &#8211; <a href=\"mailto:fernando@athikagroup.com\">Mail<\/a>.<\/p>\n<p>&nbsp;<\/p>\n<\/div>\n<div class=\"grid__item two-twelfths portable--auto lap--auto palm--auto top-no-padding bottom-medium-padding \" data-style=\"undefined\">\n<h3><strong><span class=\"underlined-heading\">Team<\/span><\/strong><\/h3>\n<\/div>\n<div class=\"grid__item one-twelfth portable--auto lap--hide palm--hide top-no-padding bottom-medium-padding \" data-style=\"undefined\"><\/div>\n<div class=\"grid__item eight-twelfths portable--auto lap--one-whole palm--auto top-no-padding bottom-medium-padding \" data-style=\"undefined\">\n<h2>We are a flexible structure that allows us to surround ourselves with the best professionals in each discipline. We work with people who love what they do. And people who love what they do can do amazing things.<\/h2>\n<\/div>\n<div class=\"grid__item two-twelfths portable--auto lap--auto palm--auto top-small-padding bottom-medium-padding \" data-style=\"undefined\">\n<h3><strong><span class=\"underlined-heading\">Services<\/span><\/strong><\/h3>\n<\/div>\n<div class=\"grid__item one-twelfth portable--auto lap--hide palm--hide top-small-padding bottom-medium-padding \" data-style=\"undefined\"><\/div>\n<div class=\"grid__item three-twelfths portable--auto lap--four-twelfths palm--auto top-small-padding bottom-medium-padding no-list-style \" data-style=\"undefined\">\n<ul>\n<li><span style=\"color: #33cccc;\"><strong>Design<\/strong><\/span><\/li>\n<li>Brand design<\/li>\n<li>Corporate identity<\/li>\n<li>Naming<\/li>\n<li>Packaging design<\/li>\n<li>Editorial design<\/li>\n<li>Industrial design<\/li>\n<li>Design of spaces<\/li>\n<li>Product development<\/li>\n<li>Signage<\/li>\n<\/ul>\n<p>&nbsp;<\/p>\n<\/div>\n<div class=\"grid__item three-twelfths portable--auto lap--five-twelfths palm--auto top-small-padding bottom-medium-padding no-list-style \" data-style=\"undefined\">\n<ul>\n<li><span style=\"color: #33cccc;\"><strong>Advertising<\/strong><\/span><\/li>\n<li>ATL advertising<\/li>\n<li>BTL advertising<\/li>\n<li>Advertising campaigns<\/li>\n<li>Strategic creativity<\/li>\n<li>Brand positioning<\/li>\n<li>Brand concept<\/li>\n<li>Street marketing<\/li>\n<li>Promotions<\/li>\n<li>Advertising copywriting<\/li>\n<li><\/li>\n<li><\/li>\n<\/ul>\n<\/div>\n<div class=\"grid__item three-twelfths portable--auto lap--three-twelfths palm--auto top-small-padding bottom-medium-padding no-list-style \" data-style=\"undefined\">\n<ul>\n<li><span style=\"color: #33cccc;\"><strong>On-line<\/strong><\/span><\/li>\n<li>Web design<\/li>\n<li>Web development<\/li>\n<li>Online marketing<\/li>\n<li>E-commerce<\/li>\n<li>Social Media<\/li>\n<li>Content Marketing<\/li>\n<li>Storytelling<\/li>\n<li>Banners<\/li>\n<li>Business ideas<\/li>\n<li><\/li>\n<li><\/li>\n<\/ul>\n<\/div>\n<div class=\"grid__item four-twelfths portable--eight-twelfths lap--ten-twelfths palm--auto top-medium-padding bottom-medium-padding center full-width parallax-bg bg-3 \" data-style=\"https:\/\/athikagroup.com\/wp-content\/uploads\/2019\/04\/Fondo_Frases_Athika_Mandinga_1920x1080px_05.jpg\">\n<p>&nbsp;<\/p>\n<p>&nbsp;<\/p>\n<div class=\"carousel calafate-slider\"><br \/>\n<div class=\"carousel-cell\"><br \/>\n<span style=\"font-size: 21px; color: #191919;\">We believe in constant dialogue; that&#8217;s why our clients are always part of the creative process from the beginning.<\/span><\/p>\n<p>&nbsp;<\/p>\n<p><span style=\"color: #191919;\"><strong>Fernando Patroni &#8211; Partner<\/strong><\/span><\/p>\n<p><span style=\"color: #191919;\"><strong>\u00a0<\/strong><\/span><\/p>\n<p><\/div><br \/>\n<div class=\"carousel-cell\"><br \/>\n<span style=\"font-size: 21px; color: #ffffff;\"><span style=\"color: #191919;\">Our work should aim at the heart and not the head; it has been proven that the percentage of people who buy motivated by reason is negligible.<\/span><br \/>\n<\/span><\/p>\n<p>&nbsp;<\/p>\n<p><span style=\"color: #191919;\"><strong>Diego Donato &#8211; Partner<\/strong><\/span><\/p>\n<p><span style=\"color: #191919;\"><strong>\u00a0<\/strong><\/span><\/p>\n<p><\/div><br \/>\n<div class=\"carousel-cell\"><br \/>\n<span style=\"font-size: 21px; color: #191919;\">We believe in solid concepts that position and are capable of turning consumers into fans of a brand.<\/span><\/p>\n<p>&nbsp;<\/p>\n<p><span style=\"color: #191919;\"><strong>Luciana Berti &#8211; Partner<\/strong><\/span><\/p>\n<p><span style=\"color: #191919;\"><strong>\u00a0<\/strong><\/span><span style=\"color: #191919;\"><strong>\u00a0<\/strong><\/span><\/p>\n<p><\/div><br \/>\n<\/div>\n<p>&nbsp;<\/p>\n<\/div>\n<div class=\"grid__item three-twelfths portable--auto lap--auto palm--auto top-medium-padding bottom-no-padding \" data-style=\"undefined\">\n<h3><strong><span class=\"underlined-heading\">Brands<br \/>\nwith which we work<\/span><\/strong><\/h3>\n<\/div>\n<div class=\"grid__item one-whole portable--auto lap--auto palm--auto top-no-padding bottom-no-padding \" data-style=\"undefined\">\n<div class=\"calafate-gallery columns-6 hover-opacity grid-border\"><div class=\"calafate-gallery--item\"><img decoding=\"async\" src=\"https:\/\/athikagroup.com\/wp-content\/uploads\/2019\/03\/Reduxio_logo.png\" title=\"Reduxio_logo\" alt=\"Logo Reduxio - Mandinga Publicidad\" \/><\/div><div class=\"calafate-gallery--item\"><img decoding=\"async\" src=\"https:\/\/athikagroup.com\/wp-content\/uploads\/2019\/04\/Logo_FMG_Clientes_Athika_Mandinga_570x570px_01.png\" title=\"Logo_FMG_Clientes_Athika_Mandinga_570x570px_01\" alt=\"Logo Fabio M\u00e1ximo Granelli - Dise\u00f1ador de calzado - Clientes Mandinga\" \/><\/div><div class=\"calafate-gallery--item\"><img decoding=\"async\" src=\"https:\/\/athikagroup.com\/wp-content\/uploads\/2019\/03\/kielf_Logo_3.png\" title=\"kielf_Logo_3\" alt=\"Logo Kielf - Mandinga Publicidad\" \/><\/div><div class=\"calafate-gallery--item\"><img decoding=\"async\" src=\"https:\/\/athikagroup.com\/wp-content\/uploads\/2019\/03\/Logo_Janira_Clientes_Athika_Mandinga_570x570px.png\" title=\"Logo_Janira_Clientes_Athika_Mandinga_570x570px\" alt=\"Logo Janira. Ropa interior femenina y pantys - Clientes Mandinga.\" \/><\/div><div class=\"calafate-gallery--item\"><img decoding=\"async\" src=\"https:\/\/athikagroup.com\/wp-content\/uploads\/2019\/03\/Feinko_Logo.png\" title=\"Feinko_Logo\" alt=\"\" \/><\/div><div class=\"calafate-gallery--item\"><img decoding=\"async\" src=\"https:\/\/athikagroup.com\/wp-content\/uploads\/2019\/03\/LAVALENTE_LOGO.png\" title=\"LAVALENTE_LOGO\" alt=\"\" \/><\/div><div class=\"calafate-gallery--item\"><img decoding=\"async\" src=\"https:\/\/athikagroup.com\/wp-content\/uploads\/2019\/03\/Arcor_Logo_3.png\" title=\"Arcor_Logo_3\" alt=\"Kielf\" \/><\/div><div class=\"calafate-gallery--item\"><img decoding=\"async\" src=\"https:\/\/athikagroup.com\/wp-content\/uploads\/2019\/04\/Logo_Unicentar_Clientes_Athika_Mandinga_570x570px_00.png\" title=\"Logo_Unicentar_Clientes_Athika_Mandinga_570x570px_00\" alt=\"Logo Unicenter - Centro comercial  - Clientes Mandinga\" \/><\/div><div class=\"calafate-gallery--item\"><img decoding=\"async\" src=\"https:\/\/athikagroup.com\/wp-content\/uploads\/2019\/03\/Logo_FIAT_Clientes_Athika_Mandinga_570x570px.png\" title=\"Logo_FIAT_Clientes_Athika_Mandinga_570x570px\" alt=\"Logo Fiat - Mandinga Publicidad\" \/><\/div><div class=\"calafate-gallery--item\"><img decoding=\"async\" src=\"https:\/\/athikagroup.com\/wp-content\/uploads\/2019\/03\/STELLA_ARTOIS_LOGO_3.png\" title=\"STELLA_ARTOIS_LOGO_3\" alt=\"Logo Stella Artois - Mandinga Publicidad\" \/><\/div><div class=\"calafate-gallery--item\"><img decoding=\"async\" src=\"https:\/\/athikagroup.com\/wp-content\/uploads\/2019\/03\/Logo_WWF_3.png\" title=\"Logo_WWF_3\" alt=\"Logo WWF - Mandinga Publicidad\" \/><\/div><div class=\"calafate-gallery--item\"><img decoding=\"async\" src=\"https:\/\/athikagroup.com\/wp-content\/uploads\/2019\/03\/Logo_Oeo_Music_Clientes_Athika_Mandinga_570x570px_2.png\" title=\"Logo_Oeo_Music_Clientes_Athika_Mandinga_570x570px_2\" alt=\"Logo Oeo Music - Productora de m\u00fasica publicitaria - Clientes Mandinga\" \/><\/div><div class=\"calafate-gallery--item\"><img decoding=\"async\" src=\"https:\/\/athikagroup.com\/wp-content\/uploads\/2019\/03\/Logo_McDonalds_Mandinga_570x570px_2.png\" title=\"Logo_McDonalds_Mandinga_570x570px_2\" alt=\"Logo Mc Donald&#039;s - Mandinga Publicidad\" \/><\/div><div class=\"calafate-gallery--item\"><img decoding=\"async\" src=\"https:\/\/athikagroup.com\/wp-content\/uploads\/2019\/03\/Logo_Reserva_de_la_Tierra_Clientes_Athika_Mandinga_570x570px_2.png\" title=\"Logo_Reserva_de_la_Tierra_Clientes_Athika_Mandinga_570x570px_2\" alt=\"Logo Reserva de la Tierra - Grupo bodeguero - Clientes Mandinga\" \/><\/div><div class=\"calafate-gallery--item\"><img decoding=\"async\" src=\"https:\/\/athikagroup.com\/wp-content\/uploads\/2019\/03\/Unilever_Logo_3.png\" title=\"Unilever_Logo_3\" alt=\"Logo Unilever - Mandinga Publicidad\" \/><\/div><div class=\"calafate-gallery--item\"><img decoding=\"async\" src=\"https:\/\/athikagroup.com\/wp-content\/uploads\/2019\/03\/Heanut_logo.png\" title=\"Heanut_logo\" alt=\"Logo Heanut - Mandinga Publicidad\" \/><\/div><div class=\"calafate-gallery--item\"><img decoding=\"async\" src=\"https:\/\/athikagroup.com\/wp-content\/uploads\/2019\/03\/Logo_Obertament_Clientes_Athika_Mandinga_570x570px_2.png\" title=\"Logo_Obertament_Clientes_Athika_Mandinga_570x570px_2\" alt=\"es luchar contra el estigma y la discriminaci\u00f3n que sufren las personas debido a alg\u00fan problema de salud mental \" \/><\/div><div class=\"calafate-gallery--item\"><img decoding=\"async\" src=\"https:\/\/athikagroup.com\/wp-content\/uploads\/2019\/03\/Over_Logo.png\" title=\"Over_Logo\" alt=\"Logo Over - Mandinga Publicidad\" \/><\/div><div class=\"calafate-gallery--item\"><img decoding=\"async\" src=\"https:\/\/athikagroup.com\/wp-content\/uploads\/2019\/03\/Grido_Logo.png\" title=\"Grido_Logo\" alt=\"Logo Grido helados - Mandinga Publicidad\" \/><\/div><div class=\"calafate-gallery--item\"><img decoding=\"async\" src=\"https:\/\/athikagroup.com\/wp-content\/uploads\/2019\/03\/Lapana_logo.png\" title=\"Lapana_logo\" alt=\"Logo Lapana - Mandinga Publicidad\" \/><\/div><div class=\"calafate-gallery--item\"><img decoding=\"async\" src=\"https:\/\/athikagroup.com\/wp-content\/uploads\/2019\/03\/Valeo_Logo_3.png\" title=\"Valeo_Logo_3\" alt=\"Logo Valeo - Mandinga Publicidad\" \/><\/div><div class=\"calafate-gallery--item\"><img decoding=\"async\" src=\"https:\/\/athikagroup.com\/wp-content\/uploads\/2019\/03\/Logo_Sony_Clientes_Athika_Mandinga_570x570px.png\" title=\"Logo_Sony_Clientes_Athika_Mandinga_570x570px\" alt=\"Logo Sony - Mandinga Publicidad\" \/><\/div><div class=\"calafate-gallery--item\"><img decoding=\"async\" src=\"https:\/\/athikagroup.com\/wp-content\/uploads\/2019\/03\/Budweiser-Logo.png\" title=\"Budweiser Logo\" alt=\"Cruz de la Rosa\" \/><\/div><div class=\"calafate-gallery--item\"><img decoding=\"async\" src=\"https:\/\/athikagroup.com\/wp-content\/uploads\/2019\/03\/Cruz-de-la-Rosa_Logo.png\" title=\"Cruz de la Rosa_Logo\" alt=\"Logo Grido helados - Mandinga Publicidad\" \/><\/div><\/div>\n<\/div>\n<div class=\"grid__item seven-twelfths portable--ten-twelfths lap--one-whole palm--one-whole top-medium-padding bottom-no-padding center \" data-style=\"undefined\">\n<p>Error (go to Settings &gt; Twitter Feed Auth to resolve this)<span style=\"color:red; \">Twitter said: \"Invalid or expired token.\"<\/span><\/p>\n<\/div>\n<\/div>\n","protected":false},"excerpt":{"rendered":"<p>Conectando marcas con personas a trav\u00e9s del dise\u00f1o, la creatividad y el pensamiento estrat\u00e9gico.<\/p>\n","protected":false},"author":1,"featured_media":6273,"parent":0,"menu_order":0,"comment_status":"closed","ping_status":"closed","template":"","meta":{"_acf_changed":false,"footnotes":""},"class_list":["post-6272","page","type-page","status-publish","has-post-thumbnail","hentry"],"acf":[],"yoast_head":"<!-- This site is optimized with the Yoast SEO plugin v23.6 - https:\/\/yoast.com\/wordpress\/plugins\/seo\/ -->\n<title>Agency - Athika Group<\/title>\n<meta name=\"description\" content=\"Estudio de dise\u00f1o, publicidad y construcci\u00f3n de marca.\" \/>\n<meta name=\"robots\" content=\"index, follow, max-snippet:-1, max-image-preview:large, max-video-preview:-1\" \/>\n<link rel=\"canonical\" href=\"https:\/\/athikagroup.com\/en\/advertising-agency\/\" \/>\n<meta property=\"og:locale\" content=\"en_US\" \/>\n<meta property=\"og:type\" content=\"article\" \/>\n<meta property=\"og:title\" content=\"Agency - Athika Group\" \/>\n<meta property=\"og:description\" content=\"Estudio de dise\u00f1o, publicidad y construcci\u00f3n de marca.\" \/>\n<meta property=\"og:url\" content=\"https:\/\/athikagroup.com\/en\/advertising-agency\/\" \/>\n<meta property=\"og:site_name\" content=\"Athika Group\" \/>\n<meta property=\"article:modified_time\" content=\"2019-06-14T19:32:00+00:00\" \/>\n<meta property=\"og:image\" content=\"https:\/\/athikagroup.com\/wp-content\/uploads\/2019\/04\/Fondo_Frases_Athika_Mandinga_1920x1080px_05.jpg\" \/>\n\t<meta property=\"og:image:width\" content=\"1920\" \/>\n\t<meta property=\"og:image:height\" content=\"1080\" \/>\n\t<meta property=\"og:image:type\" content=\"image\/jpeg\" \/>\n<meta name=\"twitter:card\" content=\"summary_large_image\" \/>\n<meta name=\"twitter:label1\" content=\"Est. reading time\" \/>\n\t<meta name=\"twitter:data1\" content=\"2 minutes\" \/>\n<script type=\"application\/ld+json\" class=\"yoast-schema-graph\">{\"@context\":\"https:\/\/schema.org\",\"@graph\":[{\"@type\":\"WebPage\",\"@id\":\"https:\/\/athikagroup.com\/en\/advertising-agency\/\",\"url\":\"https:\/\/athikagroup.com\/en\/advertising-agency\/\",\"name\":\"Agency - Athika Group\",\"isPartOf\":{\"@id\":\"https:\/\/athikagroup.com\/en\/#website\"},\"primaryImageOfPage\":{\"@id\":\"https:\/\/athikagroup.com\/en\/advertising-agency\/#primaryimage\"},\"image\":{\"@id\":\"https:\/\/athikagroup.com\/en\/advertising-agency\/#primaryimage\"},\"thumbnailUrl\":\"https:\/\/athikagroup.com\/wp-content\/uploads\/2019\/04\/Fondo_Frases_Athika_Mandinga_1920x1080px_05.jpg\",\"datePublished\":\"2019-02-26T23:31:09+00:00\",\"dateModified\":\"2019-06-14T19:32:00+00:00\",\"description\":\"Estudio de dise\u00f1o, publicidad y construcci\u00f3n de marca.\",\"breadcrumb\":{\"@id\":\"https:\/\/athikagroup.com\/en\/advertising-agency\/#breadcrumb\"},\"inLanguage\":\"en-US\",\"potentialAction\":[{\"@type\":\"ReadAction\",\"target\":[\"https:\/\/athikagroup.com\/en\/advertising-agency\/\"]}]},{\"@type\":\"ImageObject\",\"inLanguage\":\"en-US\",\"@id\":\"https:\/\/athikagroup.com\/en\/advertising-agency\/#primaryimage\",\"url\":\"https:\/\/athikagroup.com\/wp-content\/uploads\/2019\/04\/Fondo_Frases_Athika_Mandinga_1920x1080px_05.jpg\",\"contentUrl\":\"https:\/\/athikagroup.com\/wp-content\/uploads\/2019\/04\/Fondo_Frases_Athika_Mandinga_1920x1080px_05.jpg\",\"width\":1920,\"height\":1080},{\"@type\":\"BreadcrumbList\",\"@id\":\"https:\/\/athikagroup.com\/en\/advertising-agency\/#breadcrumb\",\"itemListElement\":[{\"@type\":\"ListItem\",\"position\":1,\"name\":\"Home\",\"item\":\"https:\/\/athikagroup.com\/en\/\"},{\"@type\":\"ListItem\",\"position\":2,\"name\":\"Agency\"}]},{\"@type\":\"WebSite\",\"@id\":\"https:\/\/athikagroup.com\/en\/#website\",\"url\":\"https:\/\/athikagroup.com\/en\/\",\"name\":\"Athika Group\",\"description\":\"Agencia de Publicidad, Dise\u00f1o y Desarrollo de Marca.\",\"potentialAction\":[{\"@type\":\"SearchAction\",\"target\":{\"@type\":\"EntryPoint\",\"urlTemplate\":\"https:\/\/athikagroup.com\/en\/?s={search_term_string}\"},\"query-input\":{\"@type\":\"PropertyValueSpecification\",\"valueRequired\":true,\"valueName\":\"search_term_string\"}}],\"inLanguage\":\"en-US\"}]}<\/script>\n<!-- \/ Yoast SEO plugin. -->","yoast_head_json":{"title":"Agency - Athika Group","description":"Estudio de dise\u00f1o, publicidad y construcci\u00f3n de marca.","robots":{"index":"index","follow":"follow","max-snippet":"max-snippet:-1","max-image-preview":"max-image-preview:large","max-video-preview":"max-video-preview:-1"},"canonical":"https:\/\/athikagroup.com\/en\/advertising-agency\/","og_locale":"en_US","og_type":"article","og_title":"Agency - Athika Group","og_description":"Estudio de dise\u00f1o, publicidad y construcci\u00f3n de marca.","og_url":"https:\/\/athikagroup.com\/en\/advertising-agency\/","og_site_name":"Athika Group","article_modified_time":"2019-06-14T19:32:00+00:00","og_image":[{"width":1920,"height":1080,"url":"https:\/\/athikagroup.com\/wp-content\/uploads\/2019\/04\/Fondo_Frases_Athika_Mandinga_1920x1080px_05.jpg","type":"image\/jpeg"}],"twitter_card":"summary_large_image","twitter_misc":{"Est. reading time":"2 minutes"},"schema":{"@context":"https:\/\/schema.org","@graph":[{"@type":"WebPage","@id":"https:\/\/athikagroup.com\/en\/advertising-agency\/","url":"https:\/\/athikagroup.com\/en\/advertising-agency\/","name":"Agency - Athika Group","isPartOf":{"@id":"https:\/\/athikagroup.com\/en\/#website"},"primaryImageOfPage":{"@id":"https:\/\/athikagroup.com\/en\/advertising-agency\/#primaryimage"},"image":{"@id":"https:\/\/athikagroup.com\/en\/advertising-agency\/#primaryimage"},"thumbnailUrl":"https:\/\/athikagroup.com\/wp-content\/uploads\/2019\/04\/Fondo_Frases_Athika_Mandinga_1920x1080px_05.jpg","datePublished":"2019-02-26T23:31:09+00:00","dateModified":"2019-06-14T19:32:00+00:00","description":"Estudio de dise\u00f1o, publicidad y construcci\u00f3n de marca.","breadcrumb":{"@id":"https:\/\/athikagroup.com\/en\/advertising-agency\/#breadcrumb"},"inLanguage":"en-US","potentialAction":[{"@type":"ReadAction","target":["https:\/\/athikagroup.com\/en\/advertising-agency\/"]}]},{"@type":"ImageObject","inLanguage":"en-US","@id":"https:\/\/athikagroup.com\/en\/advertising-agency\/#primaryimage","url":"https:\/\/athikagroup.com\/wp-content\/uploads\/2019\/04\/Fondo_Frases_Athika_Mandinga_1920x1080px_05.jpg","contentUrl":"https:\/\/athikagroup.com\/wp-content\/uploads\/2019\/04\/Fondo_Frases_Athika_Mandinga_1920x1080px_05.jpg","width":1920,"height":1080},{"@type":"BreadcrumbList","@id":"https:\/\/athikagroup.com\/en\/advertising-agency\/#breadcrumb","itemListElement":[{"@type":"ListItem","position":1,"name":"Home","item":"https:\/\/athikagroup.com\/en\/"},{"@type":"ListItem","position":2,"name":"Agency"}]},{"@type":"WebSite","@id":"https:\/\/athikagroup.com\/en\/#website","url":"https:\/\/athikagroup.com\/en\/","name":"Athika Group","description":"Agencia de Publicidad, Dise\u00f1o y Desarrollo de Marca.","potentialAction":[{"@type":"SearchAction","target":{"@type":"EntryPoint","urlTemplate":"https:\/\/athikagroup.com\/en\/?s={search_term_string}"},"query-input":{"@type":"PropertyValueSpecification","valueRequired":true,"valueName":"search_term_string"}}],"inLanguage":"en-US"}]}},"_links":{"self":[{"href":"https:\/\/athikagroup.com\/en\/wp-json\/wp\/v2\/pages\/6272"}],"collection":[{"href":"https:\/\/athikagroup.com\/en\/wp-json\/wp\/v2\/pages"}],"about":[{"href":"https:\/\/athikagroup.com\/en\/wp-json\/wp\/v2\/types\/page"}],"author":[{"embeddable":true,"href":"https:\/\/athikagroup.com\/en\/wp-json\/wp\/v2\/users\/1"}],"replies":[{"embeddable":true,"href":"https:\/\/athikagroup.com\/en\/wp-json\/wp\/v2\/comments?post=6272"}],"version-history":[{"count":0,"href":"https:\/\/athikagroup.com\/en\/wp-json\/wp\/v2\/pages\/6272\/revisions"}],"wp:featuredmedia":[{"embeddable":true,"href":"https:\/\/athikagroup.com\/en\/wp-json\/wp\/v2\/media\/6273"}],"wp:attachment":[{"href":"https:\/\/athikagroup.com\/en\/wp-json\/wp\/v2\/media?parent=6272"}],"curies":[{"name":"wp","href":"https:\/\/api.w.org\/{rel}","templated":true}]}}